

{"id":26,"date":"2024-11-26T22:25:38","date_gmt":"2024-11-26T14:25:38","guid":{"rendered":"https:\/\/weswoo.com\/?page_id=26"},"modified":"2024-11-26T22:25:38","modified_gmt":"2024-11-26T14:25:38","slug":"faq","status":"publish","type":"page","link":"https:\/\/www.weswoo.com\/de\/faq\/","title":{"rendered":"faq"},"content":{"rendered":"","protected":false},"excerpt":{"rendered":"","protected":false},"author":1,"featured_media":0,"parent":0,"menu_order":0,"comment_status":"closed","ping_status":"closed","template":"page-faq.php","meta":{"footnotes":""},"class_list":["post-26","page","type-page","status-publish","hentry"],"yoast_head":"<!-- This site is optimized with the Yoast SEO Premium plugin v23.9 (Yoast SEO v24.0-RC1) - https:\/\/yoast.com\/wordpress\/plugins\/seo\/ -->\n<title>faq - Shopify Plus &amp; \u72ec\u7acb\u7ad9\u5f00\u53d1\uff5c\u8de8\u5883\u7535\u5546\u5b9a\u5236\u65b9\u6848 - WESWOO<\/title>\n<meta name=\"robots\" content=\"index, follow, max-snippet:-1, max-image-preview:large, max-video-preview:-1\" \/>\n<link rel=\"canonical\" href=\"https:\/\/www.weswoo.com\/de\/faq\/\" \/>\n<meta property=\"og:locale\" content=\"de_DE\" \/>\n<meta property=\"og:type\" content=\"article\" \/>\n<meta property=\"og:title\" content=\"faq\" \/>\n<meta property=\"og:description\" content=\"WESWOO\u2014\u8de8\u5883\u7535\u5546\u72ec\u7acb\u7ad9\u4e13\u5bb6\uff0c\u63d0\u4f9bshopify liquid\u4e13\u4e1a\u5f00\u53d1\u65b9\u6848 - Shopify Plus\u5408\u4f5c\u4f19\u4f34 - \u897f\u897f\u6728\uff08\u5e7f\u5dde\uff09\u79d1\u6280\u6709\u9650\u8d23\u4efb\u516c\u53f8\" \/>\n<meta property=\"og:url\" content=\"https:\/\/www.weswoo.com\/de\/faq\/\" \/>\n<meta property=\"og:site_name\" content=\"Shopify Plus &amp; \u72ec\u7acb\u7ad9\u5f00\u53d1\uff5c\u8de8\u5883\u7535\u5546\u5b9a\u5236\u65b9\u6848 - WESWOO\" \/>\n<meta name=\"twitter:card\" content=\"summary_large_image\" \/>\n<script type=\"application\/ld+json\" class=\"yoast-schema-graph\">{\"@context\":\"https:\/\/schema.org\",\"@graph\":[{\"@type\":\"WebPage\",\"@id\":\"https:\/\/www.weswoo.com\/de\/faq\/\",\"url\":\"https:\/\/www.weswoo.com\/de\/faq\/\",\"name\":\"faq - Shopify Plus &amp; \u72ec\u7acb\u7ad9\u5f00\u53d1\uff5c\u8de8\u5883\u7535\u5546\u5b9a\u5236\u65b9\u6848 - WESWOO\",\"isPartOf\":{\"@id\":\"https:\/\/www.weswoo.com\/de\/#website\"},\"datePublished\":\"2024-11-26T14:25:38+00:00\",\"dateModified\":\"2024-11-26T14:25:38+00:00\",\"breadcrumb\":{\"@id\":\"https:\/\/www.weswoo.com\/de\/faq\/#breadcrumb\"},\"inLanguage\":\"de\",\"potentialAction\":[{\"@type\":\"ReadAction\",\"target\":[\"https:\/\/www.weswoo.com\/de\/faq\/\"]}]},{\"@type\":\"BreadcrumbList\",\"@id\":\"https:\/\/www.weswoo.com\/de\/faq\/#breadcrumb\",\"itemListElement\":[{\"@type\":\"ListItem\",\"position\":1,\"name\":\"\u9996\u9875\",\"item\":\"https:\/\/www.weswoo.com\/\"},{\"@type\":\"ListItem\",\"position\":2,\"name\":\"faq\"}]},{\"@type\":\"WebSite\",\"@id\":\"https:\/\/www.weswoo.com\/de\/#website\",\"url\":\"https:\/\/www.weswoo.com\/de\/\",\"name\":\"Shopify Plus & \u72ec\u7acb\u7ad9\u5f00\u53d1\uff5c\u8de8\u5883\u7535\u5546\u5b9a\u5236\u65b9\u6848 - WESWOO\",\"description\":\"WESWOO \u4e13\u6ce8 Shopify Plus \u4e0e\u72ec\u7acb\u7ad9\u5b9a\u5236\u5f00\u53d1\uff0c\u63d0\u4f9b\u9ad8\u6027\u80fd\u7535\u5546\u7f51\u7ad9\u5efa\u8bbe\u3001\u8de8\u5883\u8fd0\u8425\u652f\u6301\u3001B2B \u53ca\u591a\u6e20\u9053\u96c6\u6210\uff0c\u52a9\u529b\u54c1\u724c\u5168\u7403\u589e\u957f\u3002\",\"publisher\":{\"@id\":\"https:\/\/www.weswoo.com\/de\/#organization\"},\"alternateName\":\"WESWOO \u4e13\u6ce8 Shopify Plus \u4e0e\u72ec\u7acb\u7ad9\u5b9a\u5236\u5f00\u53d1\uff0c\u63d0\u4f9b\u9ad8\u6027\u80fd\u7535\u5546\u7f51\u7ad9\u5efa\u8bbe\u3001\u8de8\u5883\u8fd0\u8425\u652f\u6301\u3001B2B \u53ca\u591a\u6e20\u9053\u96c6\u6210\uff0c\u52a9\u529b\u54c1\u724c\u5168\u7403\u589e\u957f\u3002\",\"potentialAction\":[{\"@type\":\"SearchAction\",\"target\":{\"@type\":\"EntryPoint\",\"urlTemplate\":\"https:\/\/www.weswoo.com\/de\/?s={search_term_string}\"},\"query-input\":{\"@type\":\"PropertyValueSpecification\",\"valueRequired\":true,\"valueName\":\"search_term_string\"}}],\"inLanguage\":\"de\"},{\"@type\":\"Organization\",\"@id\":\"https:\/\/www.weswoo.com\/de\/#organization\",\"name\":\"WESWOO\u2014Shopify\u8de8\u5883\u7535\u5546\u72ec\u7acb\u7ad9\u4e13\u5bb6\",\"alternateName\":\"WESWOO - SHOPIFY\",\"url\":\"https:\/\/www.weswoo.com\/de\/\",\"logo\":{\"@type\":\"ImageObject\",\"inLanguage\":\"de\",\"@id\":\"https:\/\/www.weswoo.com\/de\/#\/schema\/logo\/image\/\",\"url\":\"https:\/\/www.weswoo.com\/wp-content\/uploads\/2025\/08\/fulllogo.png\",\"contentUrl\":\"https:\/\/www.weswoo.com\/wp-content\/uploads\/2025\/08\/fulllogo.png\",\"width\":1280,\"height\":1024,\"caption\":\"WESWOO\u2014Shopify\u8de8\u5883\u7535\u5546\u72ec\u7acb\u7ad9\u4e13\u5bb6\"},\"image\":{\"@id\":\"https:\/\/www.weswoo.com\/de\/#\/schema\/logo\/image\/\"},\"description\":\"\u6211\u4eec\u662fShopify\u5b98\u65b9\u5408\u4f5c\u4f19\u4f34\uff0c\u901a\u8fc7\u4e86Shopify Partner Academy\u8ba4\u8bc1\uff0c\u5177\u5907\u591a\u5e74\u72ec\u7acb\u7ad9DTC\u524d\u7aef\u5f00\u53d1\u7ecf\u9a8c\uff0c\u719f\u6089Liquid\u548c\u5404\u9879\u8ba1\u7b97\u673a\u8bed\u8a00\u3002 \u6211\u4eec\u4e0d\u662f\u4e00\u5bb6\u5355\u7eaf\u7684\u7f51\u7ad9\u8bbe\u8ba1\u670d\u52a1\u5546\uff0c\u63d0\u4f9b\u4f18\u8d28\u51c6\u786e\u7684\u884c\u4e1a\u6570\u636e\u548cSEO\uff0cSEM\u6307\u6807\uff0c\u901a\u8fc7\u4eba\u7fa4\u753b\u50cf\u548c\u884c\u4e1a\u7279\u6027\u8fdb\u884c\u6570\u636e\u6316\u6398\u3002\",\"email\":\"xxmui@outlook.com\",\"telephone\":\"18688202145\",\"legalName\":\"\u897f\u897f\u6728\uff08\u6df1\u5733\uff09\u79d1\u6280\u6709\u9650\u8d23\u4efb\u516c\u53f8\",\"foundingDate\":\"2021-04-26\",\"numberOfEmployees\":{\"@type\":\"QuantitativeValue\",\"minValue\":\"11\",\"maxValue\":\"50\"}}]}<\/script>\n<!-- \/ Yoast SEO Premium plugin. -->","yoast_head_json":{"title":"faq - Entwicklung von Shopify Plus &amp; Standalone-Websites\uff5cGrenz\u00fcberschreitende ma\u00dfgeschneiderte E-Commerce-L\u00f6sungen - WESWOO","robots":{"index":"index","follow":"follow","max-snippet":"max-snippet:-1","max-image-preview":"max-image-preview:large","max-video-preview":"max-video-preview:-1"},"canonical":"https:\/\/www.weswoo.com\/de\/faq\/","og_locale":"de_DE","og_type":"article","og_title":"faq","og_description":"WESWOO\u2014\u8de8\u5883\u7535\u5546\u72ec\u7acb\u7ad9\u4e13\u5bb6\uff0c\u63d0\u4f9bshopify liquid\u4e13\u4e1a\u5f00\u53d1\u65b9\u6848 - Shopify Plus\u5408\u4f5c\u4f19\u4f34 - \u897f\u897f\u6728\uff08\u5e7f\u5dde\uff09\u79d1\u6280\u6709\u9650\u8d23\u4efb\u516c\u53f8","og_url":"https:\/\/www.weswoo.com\/de\/faq\/","og_site_name":"Shopify Plus &amp; \u72ec\u7acb\u7ad9\u5f00\u53d1\uff5c\u8de8\u5883\u7535\u5546\u5b9a\u5236\u65b9\u6848 - WESWOO","twitter_card":"summary_large_image","schema":{"@context":"https:\/\/schema.org","@graph":[{"@type":"WebPage","@id":"https:\/\/www.weswoo.com\/de\/faq\/","url":"https:\/\/www.weswoo.com\/de\/faq\/","name":"faq - Entwicklung von Shopify Plus &amp; Standalone-Websites\uff5cGrenz\u00fcberschreitende ma\u00dfgeschneiderte E-Commerce-L\u00f6sungen - WESWOO","isPartOf":{"@id":"https:\/\/www.weswoo.com\/de\/#website"},"datePublished":"2024-11-26T14:25:38+00:00","dateModified":"2024-11-26T14:25:38+00:00","breadcrumb":{"@id":"https:\/\/www.weswoo.com\/de\/faq\/#breadcrumb"},"inLanguage":"de","potentialAction":[{"@type":"ReadAction","target":["https:\/\/www.weswoo.com\/de\/faq\/"]}]},{"@type":"BreadcrumbList","@id":"https:\/\/www.weswoo.com\/de\/faq\/#breadcrumb","itemListElement":[{"@type":"ListItem","position":1,"name":"\u9996\u9875","item":"https:\/\/www.weswoo.com\/"},{"@type":"ListItem","position":2,"name":"faq"}]},{"@type":"WebSite","@id":"https:\/\/www.weswoo.com\/de\/#website","url":"https:\/\/www.weswoo.com\/de\/","name":"Shopify Plus &amp; Standalone Website-Entwicklung\uff5cGrenz\u00fcberschreitender E-Commerce nach Ma\u00df - WESWOO","description":"WESWOO ist spezialisiert auf Shopify Plus und eigenst\u00e4ndige, kundenspezifische Entwicklungen und bietet leistungsstarke E-Commerce-Websites, grenz\u00fcberschreitende operative Unterst\u00fctzung sowie B2B- und Multi-Channel-Integration, um Marken beim globalen Wachstum zu unterst\u00fctzen.","publisher":{"@id":"https:\/\/www.weswoo.com\/de\/#organization"},"alternateName":"WESWOO \u4e13\u6ce8 Shopify Plus \u4e0e\u72ec\u7acb\u7ad9\u5b9a\u5236\u5f00\u53d1\uff0c\u63d0\u4f9b\u9ad8\u6027\u80fd\u7535\u5546\u7f51\u7ad9\u5efa\u8bbe\u3001\u8de8\u5883\u8fd0\u8425\u652f\u6301\u3001B2B \u53ca\u591a\u6e20\u9053\u96c6\u6210\uff0c\u52a9\u529b\u54c1\u724c\u5168\u7403\u589e\u957f\u3002","potentialAction":[{"@type":"SearchAction","target":{"@type":"EntryPoint","urlTemplate":"https:\/\/www.weswoo.com\/de\/?s={search_term_string}"},"query-input":{"@type":"PropertyValueSpecification","valueRequired":true,"valueName":"search_term_string"}}],"inLanguage":"de"},{"@type":"Organization","@id":"https:\/\/www.weswoo.com\/de\/#organization","name":"WESWOO-Shopify grenz\u00fcberschreitender E-Commerce unabh\u00e4ngige Website-Experten","alternateName":"WESWOO - SHOPIFY","url":"https:\/\/www.weswoo.com\/de\/","logo":{"@type":"ImageObject","inLanguage":"de","@id":"https:\/\/www.weswoo.com\/de\/#\/schema\/logo\/image\/","url":"https:\/\/www.weswoo.com\/wp-content\/uploads\/2025\/08\/fulllogo.png","contentUrl":"https:\/\/www.weswoo.com\/wp-content\/uploads\/2025\/08\/fulllogo.png","width":1280,"height":1024,"caption":"WESWOO\u2014Shopify\u8de8\u5883\u7535\u5546\u72ec\u7acb\u7ad9\u4e13\u5bb6"},"image":{"@id":"https:\/\/www.weswoo.com\/de\/#\/schema\/logo\/image\/"},"description":"Wir sind ein offizieller Shopify-Partner, zertifiziert von der Shopify Partner Academy, mit jahrelanger Erfahrung in der DTC-Front-End-Entwicklung f\u00fcr unabh\u00e4ngige Websites, vertraut mit Liquid und verschiedenen Computersprachen. Wir sind kein einfacher Website-Design-Dienstleister, sondern bieten hochwertige und genaue Branchendaten und SEO, SEM-Metriken, Data Mining durch Crowd Profiling und Branchenmerkmale.","email":"xxmui@outlook.com","telephone":"18688202145","legalName":"\u897f\u897f\u6728\uff08\u6df1\u5733\uff09\u79d1\u6280\u6709\u9650\u8d23\u4efb\u516c\u53f8","foundingDate":"2021-04-26","numberOfEmployees":{"@type":"QuantitativeValue","minValue":"11","maxValue":"50"}}]}},"_links":{"self":[{"href":"https:\/\/www.weswoo.com\/de\/wp-json\/wp\/v2\/pages\/26","targetHints":{"allow":["GET"]}}],"collection":[{"href":"https:\/\/www.weswoo.com\/de\/wp-json\/wp\/v2\/pages"}],"about":[{"href":"https:\/\/www.weswoo.com\/de\/wp-json\/wp\/v2\/types\/page"}],"author":[{"embeddable":true,"href":"https:\/\/www.weswoo.com\/de\/wp-json\/wp\/v2\/users\/1"}],"replies":[{"embeddable":true,"href":"https:\/\/www.weswoo.com\/de\/wp-json\/wp\/v2\/comments?post=26"}],"version-history":[{"count":0,"href":"https:\/\/www.weswoo.com\/de\/wp-json\/wp\/v2\/pages\/26\/revisions"}],"wp:attachment":[{"href":"https:\/\/www.weswoo.com\/de\/wp-json\/wp\/v2\/media?parent=26"}],"curies":[{"name":"wp","href":"https:\/\/api.w.org\/{rel}","templated":true}]}}